{"id":29,"date":"2019-06-16T09:18:09","date_gmt":"2019-06-16T09:18:09","guid":{"rendered":"http:\/\/betreuungsverein-birkenfeld.de\/?page_id=29"},"modified":"2022-11-24T12:03:44","modified_gmt":"2022-11-24T12:03:44","slug":"datenschutz-2","status":"publish","type":"page","link":"https:\/\/www.betreuungsverein-birkenfeld.de\/?page_id=29","title":{"rendered":"Datenschutz"},"content":{"rendered":"\n<p><strong>Datenschutzerkl\u00e4rung<\/strong> <\/p>\n\n\n\n<p>Wir freuen uns \u00fcber Ihr Interesse an dem AWO-Betreuungsverein Kreis Birkenfeld e.V. und unseren Angeboten. Der Schutz Ihrer personenbezogenen Daten ist uns wichtig und wir nehmen die Anforderungen an den Datenschutz sehr ernst.&nbsp; Daher werden auch die Daten gesch\u00fctzt, welche bei der Erhebung, Verarbeitung und Nutzung bez\u00fcglich des Besuchs unseres Online-Angebotes gespeichert werden. &nbsp;Die nachfolgende Erkl\u00e4rung soll die Nutzer dieser Website entsprechend der gesetzlichen Bestimmungen (Bundesdatenschutzgesetz und Telemediengesetz u.a.) \u00fcber die Art, den Umfang und den Zweck der Erhebung und Verwendung der personenbezogenen Daten informieren.<\/p>\n\n\n\n<p><strong>Unsere Ansprechpartner f\u00fcr den Datenschutz sind: <\/strong><br> Datenschutzbeauftragter:<br> Herr<br> Rechtsanwalt Christopher Weis<br> Millerstra\u00dfe 2<br> 66538 Neunkirchen<br> Telefon: 06821-485693<br> Telefax: 06821-942841<br> E-Mail: chstws@aol.com<\/p>\n\n\n\n<p><strong>I. Anonyme Nutzung der Seite <\/strong> <\/p>\n\n\n\n<p>Die Nutzung unserer Internetseite kann grunds\u00e4tzlich ohne Angabe von sogenannten personenbezogenen Daten erfolgen. Als personenbezogene Daten gelten s\u00e4mtliche Informationen, welche dazu verwendet werden k\u00f6nnen, Ihre Person zu identifizieren. Solche Daten k\u00f6nnten zu Ihnen zur\u00fcckverfolgt werden. Es handelt sich beispielsweise um Ihren Name, Ihre Telefonnummer oder Ihre E-Mail-Adresse. Durch den Besuch und die Nutzung unserer Internetseite m\u00f6chten wir grunds\u00e4tzlich keine entsprechenden Daten erheben. <\/p>\n\n\n\n<p>Der Provider der Seiten erhebt und speichert automatisch Informationen in so genannten Server-Log Files, die Ihr Browser automatisch \u00fcbermittelt. Dies sind: Browsertyp (Version des Browsers), das verwendete Betriebssystem, Referrer URL und Hostname des zugreifenden Rechners, sowie die Uhrzeit der Serveranfrage und die Verwendete IP-Adresse. Eine Weitergabe dieser Daten an Dritte findet nicht statt.<\/p>\n\n\n\n<p>Insbesondere wird aber auch keine Zusammenf\u00fchrung dieser Daten mit anderen Datenquellen vorgenommen. Wir behalten uns lediglich vor, diese Daten nachtr\u00e4glich zu pr\u00fcfen, wenn konkrete Anhaltspunkte f\u00fcr eine rechtswidrige Nutzung oder eine Straftat bekannt werden. <\/p>\n\n\n\n<p><strong>II. Die Nutzung von sog. &#8222;Cookies&#8220;<\/strong> <\/p>\n\n\n\n<p>Durch unsere Internetpr\u00e4sens werden von uns Cookies verwendet, um den Besuch unserer Website attraktiver zu gestalten und zu vereinfachen. Dadurch sollen auch bestimmte Funktionen erm\u00f6glicht werden. Ein \u201aCookie\u2018 ist eine kleine Textdatei, die Ihr Browser auf Ihrem Rechner ablegen kann. In der Fachsprache wird dies oftmals als &#8222;ein Cookie setzen&#8220; bezeichnet. Dabei kann der Browser nach Ihren Vorgaben so eingestellt werden, dass Sie \u00fcber dieses Setzen von Cookies informiert werden. Sie k\u00f6nnen dann immer selbst dar\u00fcber entscheiden ob Sie die Verwendung von Cookies zulassen oder eher ausschlie\u00dfen wollen. <\/p>\n\n\n\n<p>Diese Cookies k\u00f6nnen zu ganz unterschiedlichen Zwecken eingesetzt werden, z.B. um zu erkennen, dass Ihr PC schon einmal eine Verbindung zu einem Webangebot hatte (sog. &#8222;dauerhafte Cookies&#8220;) oder um zuletzt angesehene Angebote zu speichern (sog. &#8222;Sitzungs-Cookies&#8220;). Wir verwenden Cookies, um einen gesteigerten Komfort bei der Nutzung unserer Seite zu generieren. Damit Sie hiervon profitieren k\u00f6nnen, empfehlen wir Ihnen, die Annahme von Cookies f\u00fcr unser Webangebot zu erlauben.<\/p>\n\n\n\n<h4>III. Nutzung von Social-Media-Plugins<\/h4>\n\n\n\n<p>Diese Website verwendet derzeit keine sog. Social Media Plugins. <\/p>\n\n\n\n<p><strong>IV. Kontaktformular(e):<\/strong> <\/p>\n\n\n\n<p>Auf unserer Seite finden Sie auch Kontaktformulare um mit den Mitarbeitern des AWO-Betreuungsvereins in Verbindung zu treten. Die \u00fcber das Kontaktformular erhobenen Daten werden wir nur f\u00fcr die Bearbeitung von Anfragen, die dadurch bei uns eingehen, verwenden. Nach Bearbeitung der Anfragen werden diese Daten unverz\u00fcglich gel\u00f6scht, soweit keine gesetzlichen Aufbewahrungsfristen bestehen. Ohne Ihre ausdr\u00fcckliche Einwilligung werden diese Daten nicht an Dritte weitergegeben und auch nicht gespeichert.<br> <br> <\/p>\n\n\n\n<p><strong>V. Datenverwendung und Weitergabe von Daten an Dritte<\/strong> <\/p>\n\n\n\n<p>Die Erhebung und Verarbeitung Ihrer personenbezogenen Daten erfolgt auf der Grundlage der geltenden Regelungen zum Datenschutz ausschlie\u00dflich zum Zwecke der Abwicklung einer konkreten Beratung und zur Wahrung der rechtlichen Interessen des AWO Betreuungsvereins im Rahmen einer Anfrage oder einer Beratung. Dabei sollen insbesondere auch die Interessen der jeweiligen Vertragspartei auch im Hinblick auf die Datensicherheit und die Richtigkeit der Daten ber\u00fccksichtigt werden. Die Datenerhebung erfolgt nur in dem Rahmen, der zur Betreuung und Beratung des jeweiligen Mitglieds, der ehrenamtlich t\u00e4tigen oder einer interessierten Person, erforderlich ist. Die Daten werden insbesondere nicht an Dritte weitergegeben und auch nicht f\u00fcr Werbezwecke verwendet. <\/p>\n\n\n\n<p>Sollte die Art und der Umfang der Beratung eine Weitergabe von Daten an Dritte erforderlich machen (z.B. die Mitteilung an das Gericht, dass Sie bereit sind eine ehrenamtliche Betreuung zu f\u00fchren), wird vor der Weitergabe von personenbezogenen Daten eine schriftliche Einwilligung ben\u00f6tigt. Diese Einwilligung muss dar\u00fcber aufkl\u00e4ren, welche Daten \u00fcbermittelt werden d\u00fcrfen und aus welchem Grund diese Daten \u00fcbermittelt werden k\u00f6nnen. Ohne eine entsprechende schriftliche Einwilligung erfolgt keine Weitergabe von Daten an Dritte. Die Einwilligung wird insoweit Sie notwendig ist, bei der Anmeldung f\u00fcr eines unserer Angebote abgegeben und muss dann schriftlich erfolgen. Durch die Nutzung dieser Seite wird keine Einwilligung zur Weitergabe von Daten an Dritte erteilt.&nbsp;&nbsp;&nbsp;&nbsp; <\/p>\n\n\n\n<p><strong>VI. Sicherung der Daten und E-Mail-Kommunikation<\/strong> <\/p>\n\n\n\n<p>Die uns zur Verf\u00fcgung gestellten, personenbezogenen Daten werden in unserem Verein durch sog. technische und organisatorische Ma\u00dfnahmen (kurz TOMs) gesch\u00fctzt. Dadurch werden bei der Erhebung und Verarbeitung der Daten nicht nur die notwendigen Sicherheitsstandards, sondern dar\u00fcber hinaus auch die Qualit\u00e4tsanforderungen an eine verl\u00e4ssliche und sichere Datenverarbeitung erf\u00fcllt. Die entsprechenden internen Vorg\u00e4nge werden dokumentiert und regelm\u00e4\u00dfig gepr\u00fcft. <\/p>\n\n\n\n<p>Durch diese Ma\u00dfnahmen wird gew\u00e4hrleistet, dass die Daten f\u00fcr Dritte und insbesondere f\u00fcr Unbefugte nicht zug\u00e4nglich sind. <\/p>\n\n\n\n<p>Bei der Kommunikation und der Kontaktaufnahme mittels einer E-Mail kann jedoch die vollst\u00e4ndige Sicherheit der Daten und ein umfassender Datenschutz von unserer Seite aus nicht vollumf\u00e4nglich gew\u00e4hrleistet werden. Es verbleibt immer ein Restrisiko des Datenmissbrauchs durch diese Art der Kommunikation. Soweit daher Informationen und Daten mit hohem Schutzbedarf betroffen sind, empfehlen wir vor diesem Hintergrund, diese per Post zu \u00fcbersenden oder ein pers\u00f6nliches Gespr\u00e4ch mit den entsprechend zust\u00e4ndigen Mitarbeitern zu f\u00fchren. <\/p>\n\n\n\n<p>&nbsp;<strong>VII.&nbsp; Rechte des Nutzers: Auskunft, Berichtigung und L\u00f6schung<\/strong> <\/p>\n\n\n\n<p>Als Nutzer erhalten Sie auf Antrag Ihrerseits kostenlose Auskunft dar\u00fcber, welche personenbezogenen Daten \u00fcber Sie gespeichert wurden. Sofern Ihr Wunsch nicht mit einer gesetzlichen Pflicht zur Aufbewahrung von Daten (z. B. Vorratsdatenspeicherung) kollidiert, haben Sie ein Anrecht auf Berichtigung falscher Daten und auf die Sperrung oder L\u00f6schung Ihrer personenbezogenen Daten (vgl. Art. 15 DS-GVO in Verbindung mit \u00a7 34 BDSG). Wenn diese Daten falsch sind, haben Sie ein Recht darauf, dass diese Daten berichtigt werden (Art. 16 DS-GVO). <\/p>\n\n\n\n<p>Sie haben ein Recht auf L\u00f6schung Ihrer Daten nach Art. 17 SS-GVO in Verbindung mit \u00a7 35 BDSG und ggf. das Recht auf Einschr\u00e4nkung der Verarbeitung Ihrer Daten nach Art. 18 DS-GVO. Dar\u00fcber hinaus haben Sie ein Widerspruchsrecht nach Art. 21 DS-GVO und ein Recht auf Daten\u00fcbertragbarkeit nach Art. 20 DS-GVO. Sie k\u00f6nnen eine uns eventuell erteilte Einwilligungserkl\u00e4rung mit Wirkung f\u00fcr die Zukunft ab\u00e4ndern oder g\u00e4nzlich widerrufen. Sie k\u00f6nnen den Widerruf entweder postalisch, per E-Mail oder per Fax an den AWO-Betreuungsverein f\u00fcr den Kreis Birkenfeld der AWO e.V. \u00fcbermitteln. Es entstehen Ihnen dabei keine anderen Kosten als die Portokosten bzw. die \u00dcbermittlungskosten nach den bestehenden Basistarifen.<\/p>\n\n\n\n<p>Haben Sie eine Beschwerde oder eine Frage zum Datenschutz, wenden Sie sich gerne an uns oder unseren Datenschutzbeauftragten. Sie haben auch das Recht, sich bei einer Aufsichtsbeh\u00f6rde (z.B. dem Landesdatenschutzbeauftragten) zu beschweren.<\/p>\n\n\n\n<p>Insoweit Sie Auskunft \u00fcber Ihre Daten w\u00fcnschen, oder eine L\u00f6schung oder Berichtigung der Daten erreichen wollen, k\u00f6nnen Sie sich jederzeit an den AWO-Betreuungsverein f\u00fcr den Kreis Birkenfeld der AWO e.V. als verantwortliche Stelle wenden.<\/p>\n\n\n<p><!--EndFragment--><\/p>","protected":false},"excerpt":{"rendered":"<div class=\"mh-excerpt\"><p>Datenschutzerkl\u00e4rung Wir freuen uns \u00fcber Ihr Interesse an dem AWO-Betreuungsverein Kreis Birkenfeld e.V. und unseren Angeboten. Der Schutz Ihrer personenbezogenen Daten ist uns wichtig und <a class=\"mh-excerpt-more\" href=\"https:\/\/www.betreuungsverein-birkenfeld.de\/?page_id=29\" title=\"Datenschutz\">[&#8230;]<\/a><\/p>\n<\/div>","protected":false},"author":1,"featured_media":0,"parent":0,"menu_order":0,"comment_status":"closed","ping_status":"closed","template":"","meta":[],"_links":{"self":[{"href":"https:\/\/www.betreuungsverein-birkenfeld.de\/index.php?rest_route=\/wp\/v2\/pages\/29"}],"collection":[{"href":"https:\/\/www.betreuungsverein-birkenfeld.de\/index.php?rest_route=\/wp\/v2\/pages"}],"about":[{"href":"https:\/\/www.betreuungsverein-birkenfeld.de\/index.php?rest_route=\/wp\/v2\/types\/page"}],"author":[{"embeddable":true,"href":"https:\/\/www.betreuungsverein-birkenfeld.de\/index.php?rest_route=\/wp\/v2\/users\/1"}],"replies":[{"embeddable":true,"href":"https:\/\/www.betreuungsverein-birkenfeld.de\/index.php?rest_route=%2Fwp%2Fv2%2Fcomments&post=29"}],"version-history":[{"count":3,"href":"https:\/\/www.betreuungsverein-birkenfeld.de\/index.php?rest_route=\/wp\/v2\/pages\/29\/revisions"}],"predecessor-version":[{"id":230,"href":"https:\/\/www.betreuungsverein-birkenfeld.de\/index.php?rest_route=\/wp\/v2\/pages\/29\/revisions\/230"}],"wp:attachment":[{"href":"https:\/\/www.betreuungsverein-birkenfeld.de\/index.php?rest_route=%2Fwp%2Fv2%2Fmedia&parent=29"}],"curies":[{"name":"wp","href":"https:\/\/api.w.org\/{rel}","templated":true}]}}