{"id":24,"date":"2019-06-16T09:17:27","date_gmt":"2019-06-16T09:17:27","guid":{"rendered":"http:\/\/betreuungsverein-birkenfeld.de\/?page_id=24"},"modified":"2025-06-10T09:36:17","modified_gmt":"2025-06-10T09:36:17","slug":"ueber-uns","status":"publish","type":"page","link":"https:\/\/www.betreuungsverein-birkenfeld.de\/?page_id=24","title":{"rendered":"\u00dcber Uns"},"content":{"rendered":"\n<p>Wir wollen Ihnen mit unserer Internetseite einen \u00dcberblick \u00fcber die Themen Vorsorgevollmacht, Patienten\u00adverf\u00fcgung, Betreuungs\u00adverf\u00fcgung und Betreuungs\u00adrecht geben.<\/p>\n\n\n\n<p>Bei weiteren Fragen stehen wir gerne zu einem pers\u00f6nlichen Gespr\u00e4ch bereit, oder Sie k\u00f6nnen uns unter der angegebenen Telefon\u00adnummer zu den \u00d6ffnungszeiten oder per E-Mail erreichen.<\/p>\n\n\n\n<p><strong>Christoph \u00dcbersch\u00e4r<\/strong><br>Dipl.-Heilp\u00e4dagoge (FH), Leitung BV, Querschnittsmitarbeiter, F\u00fchrung von Gesetzlichen Betreuungen<\/p>\n\n\n\n<p><strong>Lisa Kowalski <\/strong><br>Sozialarbeiterin B.A., F\u00fchrung von Gesetzlichen Betreuungen <\/p>\n\n\n\n<p><br><\/p>\n\n\n\n<p><strong>Unser Leitbild<\/strong><\/p>\n\n\n\n<p>Die Mitglieder und Mitarbeiterinnen des AWO Betreuungsvereins f\u00fcr den Kreis Birkenfeld e.V. stehen in Aus\u00fcbung ihrer ehrenamtlichen oder hauptamtlichen Betreuung f\u00fcr ein Menschenbild ein, das den Betreuten ein Leben in W\u00fcrde erm\u00f6glicht.<\/p>\n\n\n\n<p>Betreuung bedeutet, die gesetzliche Vertretung der Betreuung zu \u00fcbernehmen. Sie wird unabh\u00e4ngig von deren Herkunft, Religion und Geschlecht gestaltet. Der Betreuer und die Betreuerin orientieren sich an der Lebensgeschichte sowie den Bed\u00fcrfnissen und W\u00fcnschen der Betreuten. <\/p>\n\n\n\n<p>Die Mitglieder und Mitarbeiterinnen des AWO Betreuungsvereins f\u00fcr den Kreis Birkenfeld e.V. begreifen die Betreuung als eine Hilfe zur Selbsthilfe mit gr\u00f6\u00dftm\u00f6glicher Willensfreiheit des Betroffenen, soweit es ihrem Wohl dient. Die Betreuung wird als Begleitung und Unterst\u00fctzung im Rahmen des vom Gericht erteilten Auftrages und der geltenden Gesetze verstanden.<\/p>\n\n\n\n<p>Auf der Grundlage der geltenden Gesetze und F\u00f6rderrichtlinien stellt der Verein qualifizierte Beratung und Fortbildung f\u00fcr ehrenamtliche Betreuer und Betreuerinnen zur Verf\u00fcgung. Beides soll sie in ihrer T\u00e4tigkeit st\u00fctzen und st\u00e4rken, um die Betreuung hinreichend sachkundig durchf\u00fchren zu k\u00f6nnen.<\/p>\n\n\n\n<p>Die ehrenamtliche Betreuung im AWO Betreuungsverein f\u00fcr den Kreis Birkenfeld e.V. steht in Tradition der Wohlfahrtsverb\u00e4nde. Die Mitglieder und Mitarbeiterin sehen das Ehrenamt als gesellschaftliche Verpflichtung und setzen sich f\u00fcr dessen St\u00e4rkung ein.<\/p>\n\n\n\n<p>Der Verein sieht sich als Lobby f\u00fcr die Betreuten, wirkt in \u00f6ffentlichen und \u00fcber\u00f6rtlichen Gremien mit, um Qualit\u00e4tsstandarte und die Bedingungen der Betreuung weiterzuentwickeln und tr\u00e4gt zu einer effektiven Vernetzung im gesamten sozialen Bereich bei.<\/p>\n\n\n\n<p>Die Information der Bev\u00f6lkerung \u00fcber Fragen der Betreuung und eigener Vorsorge ist Auftrag und Verpflichtung zugleich. <\/p>\n\n\n\n<figure class=\"wp-block-image size-large\"><img decoding=\"async\" loading=\"lazy\" width=\"792\" height=\"596\" src=\"https:\/\/www.betreuungsverein-birkenfeld.de\/wp-content\/uploads\/2020\/10\/christopf.jpg\" alt=\"\" class=\"wp-image-101\" srcset=\"https:\/\/www.betreuungsverein-birkenfeld.de\/wp-content\/uploads\/2020\/10\/christopf.jpg 792w, https:\/\/www.betreuungsverein-birkenfeld.de\/wp-content\/uploads\/2020\/10\/christopf-300x226.jpg 300w, https:\/\/www.betreuungsverein-birkenfeld.de\/wp-content\/uploads\/2020\/10\/christopf-768x578.jpg 768w, https:\/\/www.betreuungsverein-birkenfeld.de\/wp-content\/uploads\/2020\/10\/christopf-678x509.jpg 678w, https:\/\/www.betreuungsverein-birkenfeld.de\/wp-content\/uploads\/2020\/10\/christopf-326x245.jpg 326w, https:\/\/www.betreuungsverein-birkenfeld.de\/wp-content\/uploads\/2020\/10\/christopf-80x60.jpg 80w\" sizes=\"(max-width: 792px) 100vw, 792px\" \/><\/figure>\n","protected":false},"excerpt":{"rendered":"<div class=\"mh-excerpt\"><p>Wir wollen Ihnen mit unserer Internetseite einen \u00dcberblick \u00fcber die Themen Vorsorgevollmacht, Patienten\u00adverf\u00fcgung, Betreuungs\u00adverf\u00fcgung und Betreuungs\u00adrecht geben. Bei weiteren Fragen stehen wir gerne zu einem <a class=\"mh-excerpt-more\" href=\"https:\/\/www.betreuungsverein-birkenfeld.de\/?page_id=24\" title=\"\u00dcber Uns\">[&#8230;]<\/a><\/p>\n<\/div>","protected":false},"author":1,"featured_media":0,"parent":0,"menu_order":0,"comment_status":"closed","ping_status":"closed","template":"","meta":[],"_links":{"self":[{"href":"https:\/\/www.betreuungsverein-birkenfeld.de\/index.php?rest_route=\/wp\/v2\/pages\/24"}],"collection":[{"href":"https:\/\/www.betreuungsverein-birkenfeld.de\/index.php?rest_route=\/wp\/v2\/pages"}],"about":[{"href":"https:\/\/www.betreuungsverein-birkenfeld.de\/index.php?rest_route=\/wp\/v2\/types\/page"}],"author":[{"embeddable":true,"href":"https:\/\/www.betreuungsverein-birkenfeld.de\/index.php?rest_route=\/wp\/v2\/users\/1"}],"replies":[{"embeddable":true,"href":"https:\/\/www.betreuungsverein-birkenfeld.de\/index.php?rest_route=%2Fwp%2Fv2%2Fcomments&post=24"}],"version-history":[{"count":9,"href":"https:\/\/www.betreuungsverein-birkenfeld.de\/index.php?rest_route=\/wp\/v2\/pages\/24\/revisions"}],"predecessor-version":[{"id":299,"href":"https:\/\/www.betreuungsverein-birkenfeld.de\/index.php?rest_route=\/wp\/v2\/pages\/24\/revisions\/299"}],"wp:attachment":[{"href":"https:\/\/www.betreuungsverein-birkenfeld.de\/index.php?rest_route=%2Fwp%2Fv2%2Fmedia&parent=24"}],"curies":[{"name":"wp","href":"https:\/\/api.w.org\/{rel}","templated":true}]}}