{"id":2,"date":"2016-05-10T03:48:21","date_gmt":"2016-05-10T03:48:21","guid":{"rendered":"http:\/\/betreuungsverein-birkenfeld.de\/?page_id=2"},"modified":"2026-03-24T06:20:41","modified_gmt":"2026-03-24T06:20:41","slug":"betreuungsverein-idar-oberstein-2","status":"publish","type":"page","link":"https:\/\/www.betreuungsverein-birkenfeld.de\/","title":{"rendered":"Aktuelles"},"content":{"rendered":"\n<figure class=\"wp-block-image size-full\"><img decoding=\"async\" loading=\"lazy\" width=\"378\" height=\"58\" src=\"https:\/\/www.betreuungsverein-birkenfeld.de\/wp-content\/uploads\/2023\/03\/BV-neu.jpg\" alt=\"\" class=\"wp-image-236\" srcset=\"https:\/\/www.betreuungsverein-birkenfeld.de\/wp-content\/uploads\/2023\/03\/BV-neu.jpg 378w, https:\/\/www.betreuungsverein-birkenfeld.de\/wp-content\/uploads\/2023\/03\/BV-neu-300x46.jpg 300w\" sizes=\"(max-width: 378px) 100vw, 378px\" \/><\/figure>\n\n\n\n<h2><strong>Willkommen auf der Internetseite des AWO Betreuungsvereins <\/strong><\/h2>\n\n\n\n<p>News aus der Projektgruppe Podcast zum reinh\u00f6ren. <\/p>\n\n\n\n<script class=\"podigee-podcast-player\" src=\"https:\/\/player.podigee-cdn.net\/podcast-\nplayer\/javascripts\/podigee-podcast-player.js\" data-configuration=\"https:\/\/vereintes-\nwissen.podigee.io\/embed?context=external\"><\/script>\n\n\n\n<p><strong><em><mark style=\"background-color:rgba(0, 0, 0, 0)\" class=\"has-inline-color has-luminous-vivid-orange-color\">Au\u00dfensprechstunde in Birkenfeld<\/mark><\/em><\/strong><\/p>\n\n\n\n<p>Der AWO-Betreuungsverein f\u00fcr den Kreis Birkenfeld e. V. mit Sitz in Idar-Oberstein bietet auch <strong>2026  <\/strong>wieder seine kostenfreie Au\u00dfensprechstunden in Birkenfeld an. Diese finden an den unten angegebenen Terminen von 14.00 \u2013 16.00 Uhr in der Begegnungsst\u00e4tte des AWO-Ortsvereins im Gemeinschaftshaus Alte Schule, Am Kirchplatz 13 statt. <\/p>\n\n\n\n<p>Im Mittelpunkt der Beratungsleistung der AWO steht das Thema Vorsorgeverf\u00fcgung (Patientenverf\u00fcgung, Vorsorgevollmacht und Betreuungsverf\u00fcgung). Ebenso unterst\u00fctzt werden ehrenamtliche Betreuer und Interessierte bei Fragen zum Thema Betreuungen und dem neuen Betreuungsgesetz.<\/p>\n\n\n\n<p>Um vorherige Anmeldung bei Christoph \u00dcbersch\u00e4r vom Betreuungsverein der AWO wird unter der Telefonnummer 06781-667421 gebeten.<\/p>\n\n\n\n<p><strong>Termine Beratung Birkenfeld: <\/strong><br>Donnerstag, 23.04.2026<br><\/p>\n\n\n\n<p><strong><br><br><\/strong><\/p>\n\n\n\n<p><\/p>\n\n\n\n<p><\/p>\n\n\n\n<p><strong><em><span class=\"has-inline-color has-luminous-vivid-orange-color\">Au\u00dfensprechstunde  in Baumholder<\/span><\/em><\/strong><\/p>\n\n\n\n<p>Der AWO-Betreuungsverein f\u00fcr den Kreis Birkenfeld e. V. mit Sitz in Idar-Oberstein bietet auch 2026 wieder  seine kostenfreie Au\u00dfensprechstunden in Baumholder an. Diese finden an den unten angegebenen Terminen von 14.00-16.00 Uhr  in der AWO Begegnungsst\u00e4tte im Alten Rathaus Hauptstra\u00dfe 10, in 55743 Baumholder statt. <br>Im Mittelpunkt der Beratungsleistung der AWO steht das Thema Vorsorgeverf\u00fcgung (Patientenverf\u00fcgung, Vorsorgevollmacht und Betreuungsverf\u00fcgung). Ebenso unterst\u00fctzt werden ehrenamtliche Betreuer und Interessierte bei Fragen zum Thema Betreuungen und dem neuen Betreuungsgesetz.<\/p>\n\n\n\n<p>Eine Anmeldung zur Beratung bei Herrn Christoph \u00dcbersch\u00e4r unter der Telefonnummer 06781\/667421 ist unbedingt erforderlich.<\/p>\n\n\n\n<p><strong>Termine Beratung Baumholder:<\/strong><br>Mittwoch, 22.04.2026<\/p>\n\n\n\n<p><br><br><\/p>\n\n\n\n<p><\/p>\n\n\n\n<p><\/p>\n\n\n\n<p><\/p>\n\n\n\n<p><\/p>\n\n\n\n<p><\/p>\n\n\n\n<p><\/p>\n\n\n\n<p><\/p>\n\n\n\n<p><br><\/p>\n\n\n\n<p><br><\/p>\n\n\n\n<p><br><\/p>\n\n\n\n<p><\/p>\n","protected":false},"excerpt":{"rendered":"<div class=\"mh-excerpt\"><p>Willkommen auf der Internetseite des AWO Betreuungsvereins News aus der Projektgruppe Podcast zum reinh\u00f6ren. Au\u00dfensprechstunde in Birkenfeld Der AWO-Betreuungsverein f\u00fcr den Kreis Birkenfeld e. V. <a class=\"mh-excerpt-more\" href=\"https:\/\/www.betreuungsverein-birkenfeld.de\/\" title=\"Aktuelles\">[&#8230;]<\/a><\/p>\n<\/div>","protected":false},"author":1,"featured_media":103,"parent":0,"menu_order":0,"comment_status":"closed","ping_status":"closed","template":"","meta":[],"_links":{"self":[{"href":"https:\/\/www.betreuungsverein-birkenfeld.de\/index.php?rest_route=\/wp\/v2\/pages\/2"}],"collection":[{"href":"https:\/\/www.betreuungsverein-birkenfeld.de\/index.php?rest_route=\/wp\/v2\/pages"}],"about":[{"href":"https:\/\/www.betreuungsverein-birkenfeld.de\/index.php?rest_route=\/wp\/v2\/types\/page"}],"author":[{"embeddable":true,"href":"https:\/\/www.betreuungsverein-birkenfeld.de\/index.php?rest_route=\/wp\/v2\/users\/1"}],"replies":[{"embeddable":true,"href":"https:\/\/www.betreuungsverein-birkenfeld.de\/index.php?rest_route=%2Fwp%2Fv2%2Fcomments&post=2"}],"version-history":[{"count":54,"href":"https:\/\/www.betreuungsverein-birkenfeld.de\/index.php?rest_route=\/wp\/v2\/pages\/2\/revisions"}],"predecessor-version":[{"id":314,"href":"https:\/\/www.betreuungsverein-birkenfeld.de\/index.php?rest_route=\/wp\/v2\/pages\/2\/revisions\/314"}],"wp:featuredmedia":[{"embeddable":true,"href":"https:\/\/www.betreuungsverein-birkenfeld.de\/index.php?rest_route=\/wp\/v2\/media\/103"}],"wp:attachment":[{"href":"https:\/\/www.betreuungsverein-birkenfeld.de\/index.php?rest_route=%2Fwp%2Fv2%2Fmedia&parent=2"}],"curies":[{"name":"wp","href":"https:\/\/api.w.org\/{rel}","templated":true}]}}