{"id":18,"date":"2019-06-16T09:16:41","date_gmt":"2019-06-16T09:16:41","guid":{"rendered":"http:\/\/betreuungsverein-birkenfeld.de\/?page_id=18"},"modified":"2019-07-26T18:53:38","modified_gmt":"2019-07-26T18:53:38","slug":"betreuung","status":"publish","type":"page","link":"https:\/\/www.betreuungsverein-birkenfeld.de\/?page_id=18","title":{"rendered":"Betreuung"},"content":{"rendered":"\n<p><strong>AWO-Betreuungsvereins:<\/strong><\/p>\n\n\n\n<ul><li>Gewinnung\nund Vermittlung von ehrenamtlichen Betreuerinnen und Betreuern<\/li><li>Einf\u00fchrung\nin die Betreuungsarbeit<\/li><li>Fortbildungen<\/li><li>Erfahrungsaustausch<\/li><li>Individuelle\nBeratung und Unterst\u00fctzung<\/li><li>Referentent\u00e4tigkeit<\/li><li>Informationsmaterial<\/li><\/ul>\n\n\n<p><br \/><!--EndFragment--><\/p>","protected":false},"excerpt":{"rendered":"<div class=\"mh-excerpt\"><p>AWO-Betreuungsvereins: Gewinnung und Vermittlung von ehrenamtlichen Betreuerinnen und Betreuern Einf\u00fchrung in die Betreuungsarbeit Fortbildungen Erfahrungsaustausch Individuelle Beratung und Unterst\u00fctzung Referentent\u00e4tigkeit Informationsmaterial<\/p>\n<\/div>","protected":false},"author":1,"featured_media":0,"parent":0,"menu_order":0,"comment_status":"closed","ping_status":"closed","template":"","meta":[],"_links":{"self":[{"href":"https:\/\/www.betreuungsverein-birkenfeld.de\/index.php?rest_route=\/wp\/v2\/pages\/18"}],"collection":[{"href":"https:\/\/www.betreuungsverein-birkenfeld.de\/index.php?rest_route=\/wp\/v2\/pages"}],"about":[{"href":"https:\/\/www.betreuungsverein-birkenfeld.de\/index.php?rest_route=\/wp\/v2\/types\/page"}],"author":[{"embeddable":true,"href":"https:\/\/www.betreuungsverein-birkenfeld.de\/index.php?rest_route=\/wp\/v2\/users\/1"}],"replies":[{"embeddable":true,"href":"https:\/\/www.betreuungsverein-birkenfeld.de\/index.php?rest_route=%2Fwp%2Fv2%2Fcomments&post=18"}],"version-history":[{"count":2,"href":"https:\/\/www.betreuungsverein-birkenfeld.de\/index.php?rest_route=\/wp\/v2\/pages\/18\/revisions"}],"predecessor-version":[{"id":58,"href":"https:\/\/www.betreuungsverein-birkenfeld.de\/index.php?rest_route=\/wp\/v2\/pages\/18\/revisions\/58"}],"wp:attachment":[{"href":"https:\/\/www.betreuungsverein-birkenfeld.de\/index.php?rest_route=%2Fwp%2Fv2%2Fmedia&parent=18"}],"curies":[{"name":"wp","href":"https:\/\/api.w.org\/{rel}","templated":true}]}}